{"id":118,"date":"2013-12-16T15:14:19","date_gmt":"2013-12-16T15:14:19","guid":{"rendered":"http:\/\/localhost\/wpnation\/?page_id=118"},"modified":"2025-06-22T10:48:32","modified_gmt":"2025-06-22T09:48:32","slug":"contact","status":"publish","type":"page","link":"https:\/\/hotel-stadtpark.de\/en\/contact\/","title":{"rendered":"Contact \/ Directions"},"content":{"rendered":"<h4>Hotel am Stadtpark<\/h4>\n<p>Klotzstr. 22<br \/>\n40721 Hilden<\/p>\n<p>Phone: +49 (0) 2103 579-0<br \/>\nFax: +49 (0) 2103 579102<\/p>\n<p><span class=' icon-envelope'><\/span> info@hotel-stadtpark.de<\/p>\n<h1> Directions <\/h1>\n<p>Entrance to<strong> the in the 70ties\/80ties built underground parking<\/strong> is located at Hofstr. 1-3; \u20ac 5,00 per day and vehicle. If the underground parking is full please use the City Parkhaus Robert-Gies-Str. 3, opening hours till 10 p.m. arrival and from 7:00 a.m. departure. \u20ac 5,00 per day and vehicle.<\/p>\n<p><span class='icon-road'><\/span> The Hotel am Stadtpark is located conveniently between the trade show cities D\u00fcsseldorf and Cologne and only a few minutes away from the A3 junction Hilden (19), the A46 junction Erkrath (27) and the A59 junction D\u00fcsseldorf-Benrath (22).<\/p>\n<p>From there, please follow the signs to Hilden and city centre (Stadtmitte).<br \/>\nKlotzstra\u00dfe is close to the town hall and the pedestrian zone\/old part of town (Altstadt) in Hilden.<\/p>\n<p>The airport and exhibition grounds in D\u00fcsseldorf are 20-25* minutes by car and in Cologne 25* minutes by car. * valid during less traffic<\/p>\n<p><span class=' icon-suitcase'><\/span> From D\u00fcsseldorf Central Station take S-Bahn S1 in direction Solingen Hbf to Hilden South track 1<\/p>\n<p><span class=' icon-plane'><\/span> From D\u00fcsseldorf Airport take S-Bahn S1 in direction Solingen Hbf from track 6 to Station Hilden South track 1. It takes aprox. 30 minutes.<\/p>\n","protected":false},"excerpt":{"rendered":"<p>Hotel am Stadtpark Klotzstr. 22 40721 Hilden Phone: +49 (0) 2103 579-0 Fax: +49 (0) 2103 579102 info@hotel-stadtpark.de Entrance to the in the 70ties\/80ties built underground parking is located at Hofstr. 1-3; \u20ac 5,00 per day and vehicle. If the underground parking is full please use the City Parkhaus Robert-Gies-Str. 3, opening hours till 10 p.m. arrival and from 7:00 a.m. departure. \u20ac 5,00 per day and vehicle. The Hotel am Stadtpark is located conveniently between the trade show cities D\u00fcsseldorf and Cologne and only a few minutes away from the A3 junction Hilden (19), the A46 junction Erkrath (27) and the A59 junction D\u00fcsseldorf-Benrath (22). From there, please follow the signs to Hilden and city centre (Stadtmitte). Klotzstra\u00dfe is close to the town hall and the pedestrian zone\/old part of town (Altstadt) in Hilden. The airport and exhibition grounds in D\u00fcsseldorf are 20-25* minutes by car and in Cologne 25* minutes by car. * valid during less traffic From D\u00fcsseldorf Central Station take S-Bahn S1 in direction Solingen Hbf to Hilden South track 1 From D\u00fcsseldorf Airport take S-Bahn S1 in direction Solingen Hbf from track 6 to Station Hilden South track 1. It takes aprox. 30 minutes.<\/p>\n","protected":false},"author":1,"featured_media":0,"parent":0,"menu_order":0,"comment_status":"open","ping_status":"open","template":"contact.php","meta":[],"yoast_head":"<!-- This site is optimized with the Yoast SEO plugin v16.4 - https:\/\/yoast.com\/wordpress\/plugins\/seo\/ -->\n<meta name=\"robots\" content=\"index, follow, max-snippet:-1, max-image-preview:large, max-video-preview:-1\" \/>\n<link rel=\"canonical\" href=\"https:\/\/hotel-stadtpark.de\/en\/contact\/\" \/>\n<meta property=\"og:locale\" content=\"en_US\" \/>\n<meta property=\"og:type\" content=\"article\" \/>\n<meta property=\"og:title\" content=\"Contact \/ Directions - Hotel am Stadtpark - English\" \/>\n<meta property=\"og:description\" content=\"Hotel am Stadtpark Klotzstr. 22 40721 Hilden Phone: +49 (0) 2103 579-0 Fax: +49 (0) 2103 579102 info@hotel-stadtpark.de Entrance to the in the 70ties\/80ties built underground parking is located at Hofstr. 1-3; \u20ac 5,00 per day and vehicle. If the underground parking is full please use the City Parkhaus Robert-Gies-Str. 3, opening hours till 10 p.m. arrival and from 7:00 a.m. departure. \u20ac 5,00 per day and vehicle. The Hotel am Stadtpark is located conveniently between the trade show cities D\u00fcsseldorf and Cologne and only a few minutes away from the A3 junction Hilden (19), the A46 junction Erkrath (27) and the A59 junction D\u00fcsseldorf-Benrath (22). From there, please follow the signs to Hilden and city centre (Stadtmitte). Klotzstra\u00dfe is close to the town hall and the pedestrian zone\/old part of town (Altstadt) in Hilden. The airport and exhibition grounds in D\u00fcsseldorf are 20-25* minutes by car and in Cologne 25* minutes by car. * valid during less traffic From D\u00fcsseldorf Central Station take S-Bahn S1 in direction Solingen Hbf to Hilden South track 1 From D\u00fcsseldorf Airport take S-Bahn S1 in direction Solingen Hbf from track 6 to Station Hilden South track 1. It takes aprox. 30 minutes.\" \/>\n<meta property=\"og:url\" content=\"https:\/\/hotel-stadtpark.de\/en\/contact\/\" \/>\n<meta property=\"og:site_name\" content=\"Hotel am Stadtpark - English\" \/>\n<meta property=\"article:modified_time\" content=\"2025-06-22T09:48:32+00:00\" \/>\n<meta name=\"twitter:label1\" content=\"Est. reading time\" \/>\n\t<meta name=\"twitter:data1\" content=\"1 minute\" \/>\n<script type=\"application\/ld+json\" class=\"yoast-schema-graph\">{\"@context\":\"https:\/\/schema.org\",\"@graph\":[{\"@type\":\"WebSite\",\"@id\":\"https:\/\/hotel-stadtpark.de\/en\/#website\",\"url\":\"https:\/\/hotel-stadtpark.de\/en\/\",\"name\":\"Hotel am Stadtpark - English\",\"description\":\"Being a guest with tradition\",\"potentialAction\":[{\"@type\":\"SearchAction\",\"target\":\"https:\/\/hotel-stadtpark.de\/en\/?s={search_term_string}\",\"query-input\":\"required name=search_term_string\"}],\"inLanguage\":\"en-US\"},{\"@type\":\"WebPage\",\"@id\":\"https:\/\/hotel-stadtpark.de\/en\/contact\/#webpage\",\"url\":\"https:\/\/hotel-stadtpark.de\/en\/contact\/\",\"name\":\"Contact \/ Directions - Hotel am Stadtpark - English\",\"isPartOf\":{\"@id\":\"https:\/\/hotel-stadtpark.de\/en\/#website\"},\"datePublished\":\"2013-12-16T15:14:19+00:00\",\"dateModified\":\"2025-06-22T09:48:32+00:00\",\"breadcrumb\":{\"@id\":\"https:\/\/hotel-stadtpark.de\/en\/contact\/#breadcrumb\"},\"inLanguage\":\"en-US\",\"potentialAction\":[{\"@type\":\"ReadAction\",\"target\":[\"https:\/\/hotel-stadtpark.de\/en\/contact\/\"]}]},{\"@type\":\"BreadcrumbList\",\"@id\":\"https:\/\/hotel-stadtpark.de\/en\/contact\/#breadcrumb\",\"itemListElement\":[{\"@type\":\"ListItem\",\"position\":1,\"item\":{\"@type\":\"WebPage\",\"@id\":\"https:\/\/hotel-stadtpark.de\/en\/\",\"url\":\"https:\/\/hotel-stadtpark.de\/en\/\",\"name\":\"Home\"}},{\"@type\":\"ListItem\",\"position\":2,\"item\":{\"@id\":\"https:\/\/hotel-stadtpark.de\/en\/contact\/#webpage\"}}]}]}<\/script>\n<!-- \/ Yoast SEO plugin. -->","_links":{"self":[{"href":"https:\/\/hotel-stadtpark.de\/en\/wp-json\/wp\/v2\/pages\/118"}],"collection":[{"href":"https:\/\/hotel-stadtpark.de\/en\/wp-json\/wp\/v2\/pages"}],"about":[{"href":"https:\/\/hotel-stadtpark.de\/en\/wp-json\/wp\/v2\/types\/page"}],"author":[{"embeddable":true,"href":"https:\/\/hotel-stadtpark.de\/en\/wp-json\/wp\/v2\/users\/1"}],"replies":[{"embeddable":true,"href":"https:\/\/hotel-stadtpark.de\/en\/wp-json\/wp\/v2\/comments?post=118"}],"version-history":[{"count":10,"href":"https:\/\/hotel-stadtpark.de\/en\/wp-json\/wp\/v2\/pages\/118\/revisions"}],"predecessor-version":[{"id":1460,"href":"https:\/\/hotel-stadtpark.de\/en\/wp-json\/wp\/v2\/pages\/118\/revisions\/1460"}],"wp:attachment":[{"href":"https:\/\/hotel-stadtpark.de\/en\/wp-json\/wp\/v2\/media?parent=118"}],"curies":[{"name":"wp","href":"https:\/\/api.w.org\/{rel}","templated":true}]}}