{"id":591,"date":"2014-12-16T00:43:01","date_gmt":"2014-12-15T22:43:01","guid":{"rendered":"http:\/\/hotel-stadtpark.de\/?page_id=591"},"modified":"2026-03-30T11:41:44","modified_gmt":"2026-03-30T10:41:44","slug":"impressum","status":"publish","type":"page","link":"https:\/\/hotel-stadtpark.de\/en\/impressum\/","title":{"rendered":"About us"},"content":{"rendered":"<h2>Provider Information as of \u00a7 5 TMG:<\/h2>\n<p>R\u00f6mer Hotelverwaltungs GmbH &amp; Co. KG<br \/>\nKlotzstra\u00dfe 22<br \/>\n40721 Hilden<\/p>\n<h2>Owner:<\/h2>\n<p>R\u00f6mer Hotelverwaltungs GmbH &amp; Co. KG; Amtsgericht D\u00fcsseldorf HRA 16105<\/p>\n<p>Personally liable corporation:<br \/>\nR\u00f6mer Beteiligungsgesellschaft mbH; Amtsgericht D\u00fcsseldorf HRB 49286<\/p>\n<p>Executive directors:<br \/>\nHelmut R\u00f6mer, Tim Mrowka<\/p>\n<h2>Kontakt:<\/h2>\n<table>\n<tbody>\n<tr>\n<td>Telephone:<\/td>\n<td>02103 \/ 5790<\/td>\n<\/tr>\n<tr>\n<td>Telefax:<\/td>\n<td>02103 \/ 579102<\/td>\n<\/tr>\n<tr>\n<td>E-Mail:<\/td>\n<td>info@hotel-stadtpark.de<\/td>\n<\/tr>\n<\/tbody>\n<\/table>\n<h2>Webdesign &amp; Photography:<\/h2>\n<p><a title=\"ROCKSTEIN fotografie\" href=\"http:\/\/rockstein-fotografie.de\">http:\/\/rockstein-fotografie.de<\/a><br \/>\nPaul Rockstein, ROCKSTEIN fotografie<br \/>\nTaffi &#8211; Fotolia.com<br \/>\ndavis &#8211; Fotolia.com<br \/>\ncphotos100 &#8211; Fotolia.com<br \/>\nfree music by www.frametraxx.de<\/p>\n<hr \/>\n<h1>Disclaimer<\/h1>\n<p><strong><span class=\"ueberzwei\">Disclaimer of liability<br \/>\n<\/span><\/strong><br \/>\n<span class=\"lauftext\">All content of this web-site has been and is controlled with the utmost care. However, neither the authors nor the Hotel am Stadtpark can be made liable for damages that are associated with this web-site. This web-site content includes registered trade marks, trade names and common names. Even if these are not marked as such, their associated protection provisions apply. No liability can be assumed for the accuracy of hyper links. The Hotel am Stadtpark is not responsible for the contents of external online offers.<\/span><\/p>\n<p><strong>Copyright<\/strong><\/p>\n<p>Copyright protection of Hotel am Stadtpark applies to this online publication. All rights reserved. The use of texts and illustrations including extracts without written permission of the Hotel am Stadtpark is against the copyright and therefore liable to prosecution. This applies particularly to duplication, translation or use in electronic media.<\/p>\n","protected":false},"excerpt":{"rendered":"<p>Provider Information as of \u00a7 5 TMG: R\u00f6mer Hotelverwaltungs GmbH &amp; Co. KG Klotzstra\u00dfe 22 40721 Hilden Owner: R\u00f6mer Hotelverwaltungs GmbH &amp; Co. KG; Amtsgericht D\u00fcsseldorf HRA 16105 Personally liable corporation: R\u00f6mer Beteiligungsgesellschaft mbH; Amtsgericht D\u00fcsseldorf HRB 49286 Executive directors: Helmut R\u00f6mer, Tim Mrowka Kontakt: Telephone: 02103 \/ 5790 Telefax: 02103 \/ 579102 E-Mail: info@hotel-stadtpark.de Webdesign &amp; Photography: http:\/\/rockstein-fotografie.de Paul Rockstein, ROCKSTEIN fotografie Taffi &#8211; Fotolia.com davis &#8211; Fotolia.com cphotos100 &#8211; Fotolia.com free music by www.frametraxx.de Disclaimer Disclaimer of liability All content of this web-site has been and is controlled with the utmost care. However, neither the authors nor the Hotel am Stadtpark can be made liable for damages that are associated with this web-site. This web-site content includes registered trade marks, trade names and common names. Even if these are not marked as such, their associated protection provisions apply. No liability can be assumed for the accuracy of hyper links. The Hotel am Stadtpark is not responsible for the contents of external online offers. Copyright Copyright protection of Hotel am Stadtpark applies to this online publication. All rights reserved. The use of texts and illustrations including extracts without written permission of the Hotel am Stadtpark is against the copyright [&hellip;]<\/p>\n","protected":false},"author":1,"featured_media":0,"parent":0,"menu_order":0,"comment_status":"open","ping_status":"open","template":"","meta":[],"yoast_head":"<!-- This site is optimized with the Yoast SEO plugin v16.4 - https:\/\/yoast.com\/wordpress\/plugins\/seo\/ -->\n<meta name=\"robots\" content=\"index, follow, max-snippet:-1, max-image-preview:large, max-video-preview:-1\" \/>\n<link rel=\"canonical\" href=\"https:\/\/hotel-stadtpark.de\/en\/impressum\/\" \/>\n<meta property=\"og:locale\" content=\"en_US\" \/>\n<meta property=\"og:type\" content=\"article\" \/>\n<meta property=\"og:title\" content=\"About us - Hotel am Stadtpark - English\" \/>\n<meta property=\"og:description\" content=\"Provider Information as of \u00a7 5 TMG: R\u00f6mer Hotelverwaltungs GmbH &amp; Co. KG Klotzstra\u00dfe 22 40721 Hilden Owner: R\u00f6mer Hotelverwaltungs GmbH &amp; Co. KG; Amtsgericht D\u00fcsseldorf HRA 16105 Personally liable corporation: R\u00f6mer Beteiligungsgesellschaft mbH; Amtsgericht D\u00fcsseldorf HRB 49286 Executive directors: Helmut R\u00f6mer, Tim Mrowka Kontakt: Telephone: 02103 \/ 5790 Telefax: 02103 \/ 579102 E-Mail: info@hotel-stadtpark.de Webdesign &amp; Photography: http:\/\/rockstein-fotografie.de Paul Rockstein, ROCKSTEIN fotografie Taffi &#8211; Fotolia.com davis &#8211; Fotolia.com cphotos100 &#8211; Fotolia.com free music by www.frametraxx.de Disclaimer Disclaimer of liability All content of this web-site has been and is controlled with the utmost care. However, neither the authors nor the Hotel am Stadtpark can be made liable for damages that are associated with this web-site. This web-site content includes registered trade marks, trade names and common names. Even if these are not marked as such, their associated protection provisions apply. No liability can be assumed for the accuracy of hyper links. The Hotel am Stadtpark is not responsible for the contents of external online offers. Copyright Copyright protection of Hotel am Stadtpark applies to this online publication. All rights reserved. The use of texts and illustrations including extracts without written permission of the Hotel am Stadtpark is against the copyright [&hellip;]\" \/>\n<meta property=\"og:url\" content=\"https:\/\/hotel-stadtpark.de\/en\/impressum\/\" \/>\n<meta property=\"og:site_name\" content=\"Hotel am Stadtpark - English\" \/>\n<meta property=\"article:modified_time\" content=\"2026-03-30T10:41:44+00:00\" \/>\n<meta name=\"twitter:label1\" content=\"Est. reading time\" \/>\n\t<meta name=\"twitter:data1\" content=\"1 minute\" \/>\n<script type=\"application\/ld+json\" class=\"yoast-schema-graph\">{\"@context\":\"https:\/\/schema.org\",\"@graph\":[{\"@type\":\"WebSite\",\"@id\":\"https:\/\/hotel-stadtpark.de\/en\/#website\",\"url\":\"https:\/\/hotel-stadtpark.de\/en\/\",\"name\":\"Hotel am Stadtpark - English\",\"description\":\"Being a guest with tradition\",\"potentialAction\":[{\"@type\":\"SearchAction\",\"target\":\"https:\/\/hotel-stadtpark.de\/en\/?s={search_term_string}\",\"query-input\":\"required name=search_term_string\"}],\"inLanguage\":\"en-US\"},{\"@type\":\"WebPage\",\"@id\":\"https:\/\/hotel-stadtpark.de\/en\/impressum\/#webpage\",\"url\":\"https:\/\/hotel-stadtpark.de\/en\/impressum\/\",\"name\":\"About us - Hotel am Stadtpark - English\",\"isPartOf\":{\"@id\":\"https:\/\/hotel-stadtpark.de\/en\/#website\"},\"datePublished\":\"2014-12-15T22:43:01+00:00\",\"dateModified\":\"2026-03-30T10:41:44+00:00\",\"breadcrumb\":{\"@id\":\"https:\/\/hotel-stadtpark.de\/en\/impressum\/#breadcrumb\"},\"inLanguage\":\"en-US\",\"potentialAction\":[{\"@type\":\"ReadAction\",\"target\":[\"https:\/\/hotel-stadtpark.de\/en\/impressum\/\"]}]},{\"@type\":\"BreadcrumbList\",\"@id\":\"https:\/\/hotel-stadtpark.de\/en\/impressum\/#breadcrumb\",\"itemListElement\":[{\"@type\":\"ListItem\",\"position\":1,\"item\":{\"@type\":\"WebPage\",\"@id\":\"https:\/\/hotel-stadtpark.de\/en\/\",\"url\":\"https:\/\/hotel-stadtpark.de\/en\/\",\"name\":\"Home\"}},{\"@type\":\"ListItem\",\"position\":2,\"item\":{\"@id\":\"https:\/\/hotel-stadtpark.de\/en\/impressum\/#webpage\"}}]}]}<\/script>\n<!-- \/ Yoast SEO plugin. -->","_links":{"self":[{"href":"https:\/\/hotel-stadtpark.de\/en\/wp-json\/wp\/v2\/pages\/591"}],"collection":[{"href":"https:\/\/hotel-stadtpark.de\/en\/wp-json\/wp\/v2\/pages"}],"about":[{"href":"https:\/\/hotel-stadtpark.de\/en\/wp-json\/wp\/v2\/types\/page"}],"author":[{"embeddable":true,"href":"https:\/\/hotel-stadtpark.de\/en\/wp-json\/wp\/v2\/users\/1"}],"replies":[{"embeddable":true,"href":"https:\/\/hotel-stadtpark.de\/en\/wp-json\/wp\/v2\/comments?post=591"}],"version-history":[{"count":6,"href":"https:\/\/hotel-stadtpark.de\/en\/wp-json\/wp\/v2\/pages\/591\/revisions"}],"predecessor-version":[{"id":1488,"href":"https:\/\/hotel-stadtpark.de\/en\/wp-json\/wp\/v2\/pages\/591\/revisions\/1488"}],"wp:attachment":[{"href":"https:\/\/hotel-stadtpark.de\/en\/wp-json\/wp\/v2\/media?parent=591"}],"curies":[{"name":"wp","href":"https:\/\/api.w.org\/{rel}","templated":true}]}}